{"id":2109,"date":"2024-10-22T14:32:44","date_gmt":"2024-10-22T14:32:44","guid":{"rendered":"https:\/\/vr-icu.com\/einsatz-in-der-praxis\/"},"modified":"2025-10-02T22:08:37","modified_gmt":"2025-10-02T22:08:37","slug":"einsatz-in-der-praxis","status":"publish","type":"page","link":"https:\/\/vr-icu.com\/de\/einsatz-in-der-praxis\/","title":{"rendered":"Einsatz in der Praxis"},"content":{"rendered":"\t\t<div data-elementor-type=\"wp-page\" data-elementor-id=\"2109\" class=\"elementor elementor-2109 elementor-1642\" data-elementor-settings=\"{&quot;element_pack_global_tooltip_width&quot;:{&quot;unit&quot;:&quot;px&quot;,&quot;size&quot;:&quot;&quot;,&quot;sizes&quot;:[]},&quot;element_pack_global_tooltip_width_tablet&quot;:{&quot;unit&quot;:&quot;px&quot;,&quot;size&quot;:&quot;&quot;,&quot;sizes&quot;:[]},&quot;element_pack_global_tooltip_width_mobile&quot;:{&quot;unit&quot;:&quot;px&quot;,&quot;size&quot;:&quot;&quot;,&quot;sizes&quot;:[]},&quot;element_pack_global_tooltip_padding&quot;:{&quot;unit&quot;:&quot;px&quot;,&quot;top&quot;:&quot;&quot;,&quot;right&quot;:&quot;&quot;,&quot;bottom&quot;:&quot;&quot;,&quot;left&quot;:&quot;&quot;,&quot;isLinked&quot;:true},&quot;element_pack_global_tooltip_padding_tablet&quot;:{&quot;unit&quot;:&quot;px&quot;,&quot;top&quot;:&quot;&quot;,&quot;right&quot;:&quot;&quot;,&quot;bottom&quot;:&quot;&quot;,&quot;left&quot;:&quot;&quot;,&quot;isLinked&quot;:true},&quot;element_pack_global_tooltip_padding_mobile&quot;:{&quot;unit&quot;:&quot;px&quot;,&quot;top&quot;:&quot;&quot;,&quot;right&quot;:&quot;&quot;,&quot;bottom&quot;:&quot;&quot;,&quot;left&quot;:&quot;&quot;,&quot;isLinked&quot;:true},&quot;element_pack_global_tooltip_border_radius&quot;:{&quot;unit&quot;:&quot;px&quot;,&quot;top&quot;:&quot;&quot;,&quot;right&quot;:&quot;&quot;,&quot;bottom&quot;:&quot;&quot;,&quot;left&quot;:&quot;&quot;,&quot;isLinked&quot;:true},&quot;element_pack_global_tooltip_border_radius_tablet&quot;:{&quot;unit&quot;:&quot;px&quot;,&quot;top&quot;:&quot;&quot;,&quot;right&quot;:&quot;&quot;,&quot;bottom&quot;:&quot;&quot;,&quot;left&quot;:&quot;&quot;,&quot;isLinked&quot;:true},&quot;element_pack_global_tooltip_border_radius_mobile&quot;:{&quot;unit&quot;:&quot;px&quot;,&quot;top&quot;:&quot;&quot;,&quot;right&quot;:&quot;&quot;,&quot;bottom&quot;:&quot;&quot;,&quot;left&quot;:&quot;&quot;,&quot;isLinked&quot;:true}}\" data-elementor-post-type=\"page\">\n\t\t\t\t<div class=\"elementor-element elementor-element-01a7b4a e-flex e-con-boxed e-con e-parent\" data-id=\"01a7b4a\" data-element_type=\"container\">\n\t\t\t\t\t<div class=\"e-con-inner\">\n\t\t<div class=\"elementor-element elementor-element-108ab8b e-con-full e-flex e-con e-child\" data-id=\"108ab8b\" data-element_type=\"container\">\n\t\t\t\t<div class=\"elementor-element elementor-element-461158f elementor-widget elementor-widget-heading\" data-id=\"461158f\" data-element_type=\"widget\" data-widget_type=\"heading.default\">\n\t\t\t\t<div class=\"elementor-widget-container\">\n\t\t\t<h2 class=\"elementor-heading-title elementor-size-default\">Einsatz in der Praxis<\/h2>\t\t<\/div>\n\t\t\t\t<\/div>\n\t\t\t\t<div class=\"elementor-element elementor-element-973e25e elementor-widget__width-inherit elementor-widget-mobile__width-inherit elementor-invisible elementor-widget elementor-widget-text-editor\" data-id=\"973e25e\" data-element_type=\"widget\" data-settings=\"{&quot;_animation&quot;:&quot;fadeInUp&quot;,&quot;_animation_delay&quot;:&quot;250&quot;}\" data-widget_type=\"text-editor.default\">\n\t\t\t\t<div class=\"elementor-widget-container\">\n\t\t\t\t\t\t\t<p>VR ICU\u00ae wurde bereits in mehr als 20 L\u00e4ndern weltweit erfolgreich eingesetzt. Hier sind einige Beispiele daf\u00fcr, wie VR ICU\u00ae die medizinische Ausbildung verbessert und echte Ergebnisse liefert.  <\/p>\n\t\t\t\t\t\t<\/div>\n\t\t\t\t<\/div>\n\t\t\t\t<\/div>\n\t\t\t\t\t<\/div>\n\t\t\t\t<\/div>\n\t\t<div class=\"elementor-element elementor-element-2fc917b e-flex e-con-boxed e-con e-parent\" data-id=\"2fc917b\" data-element_type=\"container\">\n\t\t\t\t\t<div class=\"e-con-inner\">\n\t\t<div class=\"elementor-element elementor-element-2f35328 e-con-full e-flex e-con e-child\" data-id=\"2f35328\" data-element_type=\"container\">\n\t\t\t\t<div class=\"elementor-element elementor-element-5c1fe95 ui-e-title-anim-underline ui-e-post-ovf-yes ui-e-apg-classic ui-e-img-anim-zoom elementor-invisible elementor-widget elementor-widget-uicore-advanced-post-grid\" data-id=\"5c1fe95\" data-element_type=\"widget\" data-settings=\"{&quot;_animation&quot;:&quot;fadeInUp&quot;,&quot;_animation_delay&quot;:&quot;400&quot;,&quot;pagination_type&quot;:&quot;numbers&quot;}\" data-widget_type=\"uicore-advanced-post-grid.default\">\n\t\t\t\t<div class=\"elementor-widget-container\">\n\t\t\t            <div class=\"ui-e-adv-grid\">\r\n                \r\n            <div class=\"ui-e-post-item ui-e-item ui-e-item-wrp ui-e-animations-wrp  \">\r\n                <article class=\"post-2037 post type-post status-publish format-standard has-post-thumbnail hentry category-einsatz-in-der-praxis\">\r\n                    <div class=\"ui-e-post-top\">\r\n                                    <a class=\"ui-e-post-img-wrapp\" href=\"https:\/\/vr-icu.com\/de\/einsatz-in-der-praxis\/b-braun-setzt-virtuelle-realitaet-fuer-fortbildung-am-dialysegeraet-omni-ein\/\" title=\"View Post:B.Braun setzt virtuelle Realit\u00e4t f\u00fcr Fortbildung am Dialyseger\u00e4t OMNI ein\">\r\n                                    <div class=\"ui-e-post-img\" style=\"background-image:url(https:\/\/vr-icu.com\/wp-content\/uploads\/2024\/10\/Singleplayer-1024x576.png)\"><\/div>\r\n                            <\/a>\r\n                                <div class=\"ui-e-post-top-meta\"><div class=\"ui-e-post-meta ui-e-top\"><div class=\"ui-e-meta-item\"><svg aria-hidden=\"true\" class=\"ui-e-meta-icon e-font-icon-svg e-fas-square-full\" viewBox=\"0 0 512 512\" xmlns=\"http:\/\/www.w3.org\/2000\/svg\"><path d=\"M512 512H0V0h512v512z\"><\/path><\/svg><\/div><\/div><\/div>                    <\/div>\r\n                    <div class=\"ui-e-post-content\">\r\n                        <div class=\"ui-e-post-meta ui-e-before_title\"><div class=\"ui-e-meta-item\"><a href=\"https:\/\/vr-icu.com\/de\/category\/einsatz-in-der-praxis\/\" title=\"View Einsatz in der Praxis posts\">Einsatz in der Praxis<\/a><\/div><span class=\"ui-e-separator\">\u2022<\/span><div class=\"ui-e-meta-item\">Oktober 22, 2024<\/div><\/div>                                <a href=\"https:\/\/vr-icu.com\/de\/einsatz-in-der-praxis\/b-braun-setzt-virtuelle-realitaet-fuer-fortbildung-am-dialysegeraet-omni-ein\/\" title=\"View Post:B.Braun setzt virtuelle Realit\u00e4t f\u00fcr Fortbildung am Dialyseger\u00e4t OMNI ein\">\r\n            <h4 class=\"ui-e-post-title\"><span>B.Braun setzt virtuelle Realit\u00e4t f\u00fcr Fortbildung am Dialyseger\u00e4t OMNI ein<\/span><\/h4>\r\n        <\/a>\r\n                                                                                                                            <\/div>\r\n                <\/article>\r\n            <\/div>\r\n\r\n        \r\n            <div class=\"ui-e-post-item ui-e-item ui-e-item-wrp ui-e-animations-wrp  \">\r\n                <article class=\"post-2048 post type-post status-publish format-standard has-post-thumbnail hentry category-einsatz-in-der-praxis\">\r\n                    <div class=\"ui-e-post-top\">\r\n                                    <a class=\"ui-e-post-img-wrapp\" href=\"https:\/\/vr-icu.com\/de\/einsatz-in-der-praxis\/vr-schulung-fuer-linet-zum-sicheren-betrieb-und-zur-maximierung-des-potenzials-von-medizinischen-betten\/\" title=\"View Post:VR-Schulung f\u00fcr Linet zum sicheren Betrieb und zur Maximierung des Potenzials von medizinischen Betten\">\r\n                                    <div class=\"ui-e-post-img\" style=\"background-image:url(https:\/\/vr-icu.com\/wp-content\/uploads\/2024\/10\/LinetVR_1.jpeg)\"><\/div>\r\n                            <\/a>\r\n                                <div class=\"ui-e-post-top-meta\"><div class=\"ui-e-post-meta ui-e-top\"><div class=\"ui-e-meta-item\"><svg aria-hidden=\"true\" class=\"ui-e-meta-icon e-font-icon-svg e-fas-square-full\" viewBox=\"0 0 512 512\" xmlns=\"http:\/\/www.w3.org\/2000\/svg\"><path d=\"M512 512H0V0h512v512z\"><\/path><\/svg><\/div><\/div><\/div>                    <\/div>\r\n                    <div class=\"ui-e-post-content\">\r\n                        <div class=\"ui-e-post-meta ui-e-before_title\"><div class=\"ui-e-meta-item\"><a href=\"https:\/\/vr-icu.com\/de\/category\/einsatz-in-der-praxis\/\" title=\"View Einsatz in der Praxis posts\">Einsatz in der Praxis<\/a><\/div><span class=\"ui-e-separator\">\u2022<\/span><div class=\"ui-e-meta-item\">Oktober 22, 2024<\/div><\/div>                                <a href=\"https:\/\/vr-icu.com\/de\/einsatz-in-der-praxis\/vr-schulung-fuer-linet-zum-sicheren-betrieb-und-zur-maximierung-des-potenzials-von-medizinischen-betten\/\" title=\"View Post:VR-Schulung f\u00fcr Linet zum sicheren Betrieb und zur Maximierung des Potenzials von medizinischen Betten\">\r\n            <h4 class=\"ui-e-post-title\"><span>VR-Schulung f\u00fcr Linet zum sicheren Betrieb und zur Maximierung des Potenzials von medizinischen Betten<\/span><\/h4>\r\n        <\/a>\r\n                                                                                                                            <\/div>\r\n                <\/article>\r\n            <\/div>\r\n\r\n                    <\/div>\r\n        \t\t<\/div>\n\t\t\t\t<\/div>\n\t\t\t\t<\/div>\n\t\t\t\t\t<\/div>\n\t\t\t\t<\/div>\n\t\t\t\t<\/div>\n\t\t","protected":false},"excerpt":{"rendered":"<p>Einsatz in der Praxis VR ICU\u00ae wurde bereits in mehr als 20 L\u00e4ndern weltweit erfolgreich eingesetzt. Hier sind einige Beispiele daf\u00fcr, wie VR ICU\u00ae die medizinische Ausbildung verbessert und echte Ergebnisse liefert. Vyu\u017eit\u00ed v praxi\u202222 \u0159\u00edjna, 2024 B.Braun nasazuje virtu\u00e1ln\u00ed realitu pro pokro\u010dil\u00fd tr\u00e9nink na dialyza\u010dn\u00ed p\u0159\u00edstroji OMNI Vyu\u017eit\u00ed v praxi\u202222 \u0159\u00edjna, 2024 VR tr\u00e9nink [&hellip;]<\/p>\n","protected":false},"author":3,"featured_media":0,"parent":0,"menu_order":0,"comment_status":"closed","ping_status":"closed","template":"","meta":{"footnotes":""},"class_list":["post-2109","page","type-page","status-publish","hentry"],"_links":{"self":[{"href":"https:\/\/vr-icu.com\/de\/wp-json\/wp\/v2\/pages\/2109","targetHints":{"allow":["GET"]}}],"collection":[{"href":"https:\/\/vr-icu.com\/de\/wp-json\/wp\/v2\/pages"}],"about":[{"href":"https:\/\/vr-icu.com\/de\/wp-json\/wp\/v2\/types\/page"}],"author":[{"embeddable":true,"href":"https:\/\/vr-icu.com\/de\/wp-json\/wp\/v2\/users\/3"}],"replies":[{"embeddable":true,"href":"https:\/\/vr-icu.com\/de\/wp-json\/wp\/v2\/comments?post=2109"}],"version-history":[{"count":1,"href":"https:\/\/vr-icu.com\/de\/wp-json\/wp\/v2\/pages\/2109\/revisions"}],"predecessor-version":[{"id":2110,"href":"https:\/\/vr-icu.com\/de\/wp-json\/wp\/v2\/pages\/2109\/revisions\/2110"}],"wp:attachment":[{"href":"https:\/\/vr-icu.com\/de\/wp-json\/wp\/v2\/media?parent=2109"}],"curies":[{"name":"wp","href":"https:\/\/api.w.org\/{rel}","templated":true}]}}