{"id":2090,"date":"2023-07-09T11:54:25","date_gmt":"2023-07-09T11:54:25","guid":{"rendered":"https:\/\/vr-icu.com\/nutzer\/"},"modified":"2025-10-02T21:23:40","modified_gmt":"2025-10-02T21:23:40","slug":"nutzer","status":"publish","type":"page","link":"https:\/\/vr-icu.com\/de\/nutzer\/","title":{"rendered":"Nutzer"},"content":{"rendered":"\t\t<div data-elementor-type=\"wp-page\" data-elementor-id=\"2090\" class=\"elementor elementor-2090 elementor-1620\" data-elementor-settings=\"{&quot;element_pack_global_tooltip_width&quot;:{&quot;unit&quot;:&quot;px&quot;,&quot;size&quot;:&quot;&quot;,&quot;sizes&quot;:[]},&quot;element_pack_global_tooltip_width_tablet&quot;:{&quot;unit&quot;:&quot;px&quot;,&quot;size&quot;:&quot;&quot;,&quot;sizes&quot;:[]},&quot;element_pack_global_tooltip_width_mobile&quot;:{&quot;unit&quot;:&quot;px&quot;,&quot;size&quot;:&quot;&quot;,&quot;sizes&quot;:[]},&quot;element_pack_global_tooltip_padding&quot;:{&quot;unit&quot;:&quot;px&quot;,&quot;top&quot;:&quot;&quot;,&quot;right&quot;:&quot;&quot;,&quot;bottom&quot;:&quot;&quot;,&quot;left&quot;:&quot;&quot;,&quot;isLinked&quot;:true},&quot;element_pack_global_tooltip_padding_tablet&quot;:{&quot;unit&quot;:&quot;px&quot;,&quot;top&quot;:&quot;&quot;,&quot;right&quot;:&quot;&quot;,&quot;bottom&quot;:&quot;&quot;,&quot;left&quot;:&quot;&quot;,&quot;isLinked&quot;:true},&quot;element_pack_global_tooltip_padding_mobile&quot;:{&quot;unit&quot;:&quot;px&quot;,&quot;top&quot;:&quot;&quot;,&quot;right&quot;:&quot;&quot;,&quot;bottom&quot;:&quot;&quot;,&quot;left&quot;:&quot;&quot;,&quot;isLinked&quot;:true},&quot;element_pack_global_tooltip_border_radius&quot;:{&quot;unit&quot;:&quot;px&quot;,&quot;top&quot;:&quot;&quot;,&quot;right&quot;:&quot;&quot;,&quot;bottom&quot;:&quot;&quot;,&quot;left&quot;:&quot;&quot;,&quot;isLinked&quot;:true},&quot;element_pack_global_tooltip_border_radius_tablet&quot;:{&quot;unit&quot;:&quot;px&quot;,&quot;top&quot;:&quot;&quot;,&quot;right&quot;:&quot;&quot;,&quot;bottom&quot;:&quot;&quot;,&quot;left&quot;:&quot;&quot;,&quot;isLinked&quot;:true},&quot;element_pack_global_tooltip_border_radius_mobile&quot;:{&quot;unit&quot;:&quot;px&quot;,&quot;top&quot;:&quot;&quot;,&quot;right&quot;:&quot;&quot;,&quot;bottom&quot;:&quot;&quot;,&quot;left&quot;:&quot;&quot;,&quot;isLinked&quot;:true}}\" data-elementor-post-type=\"page\">\n\t\t\t\t<div class=\"elementor-element elementor-element-51483a0d e-flex e-con-boxed e-con e-parent\" data-id=\"51483a0d\" data-element_type=\"container\">\n\t\t\t\t\t<div class=\"e-con-inner\">\n\t\t<div class=\"elementor-element elementor-element-3c0f27c6 e-con-full e-flex e-con e-child\" data-id=\"3c0f27c6\" data-element_type=\"container\">\n\t\t<div class=\"elementor-element elementor-element-51daed5d e-con-full e-flex e-con e-child\" data-id=\"51daed5d\" data-element_type=\"container\">\n\t\t\t\t<div class=\"elementor-element elementor-element-6f2c9291 elementor-widget elementor-widget-heading\" data-id=\"6f2c9291\" data-element_type=\"widget\" data-widget_type=\"heading.default\">\n\t\t\t\t<div class=\"elementor-widget-container\">\n\t\t\t<h2 class=\"elementor-heading-title elementor-size-default\">VR ICU\u00ae<\/h2>\t\t<\/div>\n\t\t\t\t<\/div>\n\t\t\t\t<div class=\"elementor-element elementor-element-5a67886a elementor-widget__width-initial elementor-widget-tablet__width-initial elementor-widget-mobile__width-inherit elementor-widget elementor-widget-text-editor\" data-id=\"5a67886a\" data-element_type=\"widget\" data-widget_type=\"text-editor.default\">\n\t\t\t\t<div class=\"elementor-widget-container\">\n\t\t\t\t\t\t\t<p>bietet L\u00f6sungen f\u00fcr unterschiedliche Zielgruppen \u2013 Krankenh\u00e4user, Hersteller von medizinischen Ger\u00e4ten und Universit\u00e4ten. Jede Plattform ist auf spezifische Bed\u00fcrfnisse zugeschnitten und bringt individuelle Vorteile.  <\/p>\n\t\t\t\t\t\t<\/div>\n\t\t\t\t<\/div>\n\t\t\t\t<\/div>\n\t\t\t\t<\/div>\n\t\t\t\t\t<\/div>\n\t\t\t\t<\/div>\n\t\t<div class=\"elementor-element elementor-element-e454eb7 e-flex e-con-boxed e-con e-parent\" data-id=\"e454eb7\" data-element_type=\"container\" data-settings=\"{&quot;background_background&quot;:&quot;classic&quot;}\">\n\t\t\t\t\t<div class=\"e-con-inner\">\n\t\t<div class=\"elementor-element elementor-element-d6d6d67 e-con-full e-flex e-con e-child\" data-id=\"d6d6d67\" data-element_type=\"container\" data-settings=\"{&quot;background_background&quot;:&quot;classic&quot;}\">\n\t\t<div class=\"elementor-element elementor-element-b6c9f61 e-con-full e-flex e-con e-child\" data-id=\"b6c9f61\" data-element_type=\"container\" data-settings=\"{&quot;background_background&quot;:&quot;classic&quot;}\">\n\t\t\t\t<\/div>\n\t\t<div class=\"elementor-element elementor-element-200ed13 e-con-full e-flex e-con e-child\" data-id=\"200ed13\" data-element_type=\"container\">\n\t\t\t\t<div class=\"elementor-element elementor-element-9911b34 elementor-widget elementor-widget-heading\" data-id=\"9911b34\" data-element_type=\"widget\" data-widget_type=\"heading.default\">\n\t\t\t\t<div class=\"elementor-widget-container\">\n\t\t\t<h3 class=\"elementor-heading-title elementor-size-default\">Krankenh\u00e4user<\/h3>\t\t<\/div>\n\t\t\t\t<\/div>\n\t\t\t\t<div class=\"elementor-element elementor-element-9eb6c09 elementor-widget elementor-widget-text-editor\" data-id=\"9eb6c09\" data-element_type=\"widget\" data-widget_type=\"text-editor.default\">\n\t\t\t\t<div class=\"elementor-widget-container\">\n\t\t\t\t\t\t\t<p>Krankenh\u00e4user stehen vor immer anspruchsvolleren Bedingungen, in denen perfekt geschultes Personal unerl\u00e4sslich ist. Mit VR ICU\u00ae k\u00f6nnen medizinische Fachkr\u00e4fte Krisensituationen und Routineverfahren \u00fcben, ohne dass physische Patienten und Ger\u00e4te erforderlich sind. Dieses Training gew\u00e4hrleistet eine optimale Vorbereitung auf reale Szenarien.   <\/p>\n\t\t\t\t\t\t<\/div>\n\t\t\t\t<\/div>\n\t\t\t\t<div class=\"elementor-element elementor-element-c3b8a86 elementor-mobile-align-center elementor-align-center elementor-widget elementor-widget-button\" data-id=\"c3b8a86\" data-element_type=\"widget\" data-widget_type=\"button.default\">\n\t\t\t\t<div class=\"elementor-widget-container\">\n\t\t\t\t\t<div class=\"elementor-button-wrapper\">\n\t\t\t<a class=\"elementor-button elementor-button-link elementor-size-sm\" href=\"\/users\/hospitals\">\n\t\t\t\t\t\t<span class=\"elementor-button-content-wrapper\">\n\t\t\t\t\t\t\t\t\t<span class=\"elementor-button-text\">Erfahren Sie mehr<\/span>\n\t\t\t\t\t<\/span>\n\t\t\t\t\t<\/a>\n\t\t<\/div>\n\t\t\t\t<\/div>\n\t\t\t\t<\/div>\n\t\t\t\t<\/div>\n\t\t\t\t<\/div>\n\t\t<div class=\"elementor-element elementor-element-08df540 e-con-full e-flex e-con e-child\" data-id=\"08df540\" data-element_type=\"container\" data-settings=\"{&quot;background_background&quot;:&quot;classic&quot;}\">\n\t\t<div class=\"elementor-element elementor-element-000dd93 e-con-full e-flex e-con e-child\" data-id=\"000dd93\" data-element_type=\"container\" data-settings=\"{&quot;background_background&quot;:&quot;classic&quot;}\">\n\t\t\t\t<\/div>\n\t\t<div class=\"elementor-element elementor-element-9a44c45 e-con-full e-flex e-con e-child\" data-id=\"9a44c45\" data-element_type=\"container\">\n\t\t\t\t<div class=\"elementor-element elementor-element-a76dc97 elementor-widget elementor-widget-heading\" data-id=\"a76dc97\" data-element_type=\"widget\" data-widget_type=\"heading.default\">\n\t\t\t\t<div class=\"elementor-widget-container\">\n\t\t\t<h3 class=\"elementor-heading-title elementor-size-default\">Hersteller von Medizintechnik\u200b<\/h3>\t\t<\/div>\n\t\t\t\t<\/div>\n\t\t\t\t<div class=\"elementor-element elementor-element-70042b8 elementor-widget elementor-widget-text-editor\" data-id=\"70042b8\" data-element_type=\"widget\" data-widget_type=\"text-editor.default\">\n\t\t\t\t<div class=\"elementor-widget-container\">\n\t\t\t\t\t\t\t<p>Hersteller medizinischer Ger\u00e4te stehen oft vor dem Problem, dass ihre hochentwickelten Produkte nicht vollst\u00e4ndig genutzt werden. VR ICU\u00ae hilft dem medizinischen Personal, alle Funktionen der Ger\u00e4te besser zu nutzen, was deren Wert maximiert und die Qualit\u00e4t der Patientenversorgung verbessert.  <\/p>\n\t\t\t\t\t\t<\/div>\n\t\t\t\t<\/div>\n\t\t\t\t<div class=\"elementor-element elementor-element-016fde4 elementor-mobile-align-center elementor-align-center elementor-widget elementor-widget-button\" data-id=\"016fde4\" data-element_type=\"widget\" data-widget_type=\"button.default\">\n\t\t\t\t<div class=\"elementor-widget-container\">\n\t\t\t\t\t<div class=\"elementor-button-wrapper\">\n\t\t\t<a class=\"elementor-button elementor-button-link elementor-size-sm\" href=\"\/users\/medical-manufacturers\/\">\n\t\t\t\t\t\t<span class=\"elementor-button-content-wrapper\">\n\t\t\t\t\t\t\t\t\t<span class=\"elementor-button-text\">Erfahren Sie mehr<\/span>\n\t\t\t\t\t<\/span>\n\t\t\t\t\t<\/a>\n\t\t<\/div>\n\t\t\t\t<\/div>\n\t\t\t\t<\/div>\n\t\t\t\t<\/div>\n\t\t\t\t<\/div>\n\t\t<div class=\"elementor-element elementor-element-f3fbdb3 e-con-full e-flex e-con e-child\" data-id=\"f3fbdb3\" data-element_type=\"container\" data-settings=\"{&quot;background_background&quot;:&quot;classic&quot;}\">\n\t\t<div class=\"elementor-element elementor-element-6477ab3 e-con-full e-flex e-con e-child\" data-id=\"6477ab3\" data-element_type=\"container\" data-settings=\"{&quot;background_background&quot;:&quot;classic&quot;}\">\n\t\t\t\t<\/div>\n\t\t<div class=\"elementor-element elementor-element-9aaea70 e-con-full e-flex e-con e-child\" data-id=\"9aaea70\" data-element_type=\"container\">\n\t\t\t\t<div class=\"elementor-element elementor-element-efccd59 elementor-widget elementor-widget-heading\" data-id=\"efccd59\" data-element_type=\"widget\" data-widget_type=\"heading.default\">\n\t\t\t\t<div class=\"elementor-widget-container\">\n\t\t\t<h3 class=\"elementor-heading-title elementor-size-default\">Universit\u00e4ten und Bildungseinrichtungen<\/h3>\t\t<\/div>\n\t\t\t\t<\/div>\n\t\t\t\t<div class=\"elementor-element elementor-element-e7d6bc1 elementor-widget elementor-widget-text-editor\" data-id=\"e7d6bc1\" data-element_type=\"widget\" data-widget_type=\"text-editor.default\">\n\t\t\t\t<div class=\"elementor-widget-container\">\n\t\t\t\t\t\t\t<p>F\u00fcr Medizinstudenten ist es von entscheidender Bedeutung, ausreichend praktische F\u00e4higkeiten zu erwerben, bevor sie in die reale Welt der Gesundheitsversorgung eintreten. Dank der virtuellen Umgebung k\u00f6nnen Studierende trainieren und sich auf anspruchsvolle Krisensituationen vorbereiten. Dieser praxisorientierte Ansatz baut \u00c4ngste vor mangelnder Vorbereitung ab und st\u00e4rkt das Selbstvertrauen und Selbstbewusstsein der Teilnehmer.  <\/p>\n\t\t\t\t\t\t<\/div>\n\t\t\t\t<\/div>\n\t\t\t\t<div class=\"elementor-element elementor-element-86e5e83 elementor-mobile-align-center elementor-align-center elementor-widget elementor-widget-button\" data-id=\"86e5e83\" data-element_type=\"widget\" data-widget_type=\"button.default\">\n\t\t\t\t<div class=\"elementor-widget-container\">\n\t\t\t\t\t<div class=\"elementor-button-wrapper\">\n\t\t\t<a class=\"elementor-button elementor-button-link elementor-size-sm\" href=\"\/users\/universities-and-educational-institutions\/\">\n\t\t\t\t\t\t<span class=\"elementor-button-content-wrapper\">\n\t\t\t\t\t\t\t\t\t<span class=\"elementor-button-text\">Erfahren Sie mehr<\/span>\n\t\t\t\t\t<\/span>\n\t\t\t\t\t<\/a>\n\t\t<\/div>\n\t\t\t\t<\/div>\n\t\t\t\t<\/div>\n\t\t\t\t<\/div>\n\t\t\t\t<\/div>\n\t\t\t\t\t<\/div>\n\t\t\t\t<\/div>\n\t\t\t\t<\/div>\n\t\t","protected":false},"excerpt":{"rendered":"<p>VR ICU\u00ae bietet L\u00f6sungen f\u00fcr unterschiedliche Zielgruppen \u2013 Krankenh\u00e4user, Hersteller von medizinischen Ger\u00e4ten und Universit\u00e4ten. Jede Plattform ist auf spezifische Bed\u00fcrfnisse zugeschnitten und bringt individuelle Vorteile. Krankenh\u00e4user Krankenh\u00e4user stehen vor immer anspruchsvolleren Bedingungen, in denen perfekt geschultes Personal unerl\u00e4sslich ist. Mit VR ICU\u00ae k\u00f6nnen medizinische Fachkr\u00e4fte Krisensituationen und Routineverfahren \u00fcben, ohne dass physische Patienten und [&hellip;]<\/p>\n","protected":false},"author":3,"featured_media":0,"parent":0,"menu_order":0,"comment_status":"closed","ping_status":"closed","template":"","meta":{"footnotes":""},"class_list":["post-2090","page","type-page","status-publish","hentry"],"_links":{"self":[{"href":"https:\/\/vr-icu.com\/de\/wp-json\/wp\/v2\/pages\/2090","targetHints":{"allow":["GET"]}}],"collection":[{"href":"https:\/\/vr-icu.com\/de\/wp-json\/wp\/v2\/pages"}],"about":[{"href":"https:\/\/vr-icu.com\/de\/wp-json\/wp\/v2\/types\/page"}],"author":[{"embeddable":true,"href":"https:\/\/vr-icu.com\/de\/wp-json\/wp\/v2\/users\/3"}],"replies":[{"embeddable":true,"href":"https:\/\/vr-icu.com\/de\/wp-json\/wp\/v2\/comments?post=2090"}],"version-history":[{"count":1,"href":"https:\/\/vr-icu.com\/de\/wp-json\/wp\/v2\/pages\/2090\/revisions"}],"predecessor-version":[{"id":2093,"href":"https:\/\/vr-icu.com\/de\/wp-json\/wp\/v2\/pages\/2090\/revisions\/2093"}],"wp:attachment":[{"href":"https:\/\/vr-icu.com\/de\/wp-json\/wp\/v2\/media?parent=2090"}],"curies":[{"name":"wp","href":"https:\/\/api.w.org\/{rel}","templated":true}]}}