{"id":2088,"date":"2024-10-21T03:47:09","date_gmt":"2024-10-21T03:47:09","guid":{"rendered":"https:\/\/vr-icu.com\/aktuelles\/"},"modified":"2025-10-02T21:00:52","modified_gmt":"2025-10-02T21:00:52","slug":"aktuelles","status":"publish","type":"page","link":"https:\/\/vr-icu.com\/de\/aktuelles\/","title":{"rendered":"Aktuelles"},"content":{"rendered":"\t\t<div data-elementor-type=\"wp-page\" data-elementor-id=\"2088\" class=\"elementor elementor-2088 elementor-1640\" data-elementor-settings=\"{&quot;element_pack_global_tooltip_width&quot;:{&quot;unit&quot;:&quot;px&quot;,&quot;size&quot;:&quot;&quot;,&quot;sizes&quot;:[]},&quot;element_pack_global_tooltip_width_tablet&quot;:{&quot;unit&quot;:&quot;px&quot;,&quot;size&quot;:&quot;&quot;,&quot;sizes&quot;:[]},&quot;element_pack_global_tooltip_width_mobile&quot;:{&quot;unit&quot;:&quot;px&quot;,&quot;size&quot;:&quot;&quot;,&quot;sizes&quot;:[]},&quot;element_pack_global_tooltip_padding&quot;:{&quot;unit&quot;:&quot;px&quot;,&quot;top&quot;:&quot;&quot;,&quot;right&quot;:&quot;&quot;,&quot;bottom&quot;:&quot;&quot;,&quot;left&quot;:&quot;&quot;,&quot;isLinked&quot;:true},&quot;element_pack_global_tooltip_padding_tablet&quot;:{&quot;unit&quot;:&quot;px&quot;,&quot;top&quot;:&quot;&quot;,&quot;right&quot;:&quot;&quot;,&quot;bottom&quot;:&quot;&quot;,&quot;left&quot;:&quot;&quot;,&quot;isLinked&quot;:true},&quot;element_pack_global_tooltip_padding_mobile&quot;:{&quot;unit&quot;:&quot;px&quot;,&quot;top&quot;:&quot;&quot;,&quot;right&quot;:&quot;&quot;,&quot;bottom&quot;:&quot;&quot;,&quot;left&quot;:&quot;&quot;,&quot;isLinked&quot;:true},&quot;element_pack_global_tooltip_border_radius&quot;:{&quot;unit&quot;:&quot;px&quot;,&quot;top&quot;:&quot;&quot;,&quot;right&quot;:&quot;&quot;,&quot;bottom&quot;:&quot;&quot;,&quot;left&quot;:&quot;&quot;,&quot;isLinked&quot;:true},&quot;element_pack_global_tooltip_border_radius_tablet&quot;:{&quot;unit&quot;:&quot;px&quot;,&quot;top&quot;:&quot;&quot;,&quot;right&quot;:&quot;&quot;,&quot;bottom&quot;:&quot;&quot;,&quot;left&quot;:&quot;&quot;,&quot;isLinked&quot;:true},&quot;element_pack_global_tooltip_border_radius_mobile&quot;:{&quot;unit&quot;:&quot;px&quot;,&quot;top&quot;:&quot;&quot;,&quot;right&quot;:&quot;&quot;,&quot;bottom&quot;:&quot;&quot;,&quot;left&quot;:&quot;&quot;,&quot;isLinked&quot;:true}}\" data-elementor-post-type=\"page\">\n\t\t\t\t<div class=\"elementor-element elementor-element-b779e0d e-flex e-con-boxed e-con e-parent\" data-id=\"b779e0d\" data-element_type=\"container\">\n\t\t\t\t\t<div class=\"e-con-inner\">\n\t\t<div class=\"elementor-element elementor-element-157777e e-con-full e-flex e-con e-child\" data-id=\"157777e\" data-element_type=\"container\">\n\t\t\t\t<div class=\"elementor-element elementor-element-6bd69c7 elementor-widget elementor-widget-heading\" data-id=\"6bd69c7\" data-element_type=\"widget\" data-widget_type=\"heading.default\">\n\t\t\t\t<div class=\"elementor-widget-container\">\n\t\t\t<h2 class=\"elementor-heading-title elementor-size-default\">Aktuelles<\/h2>\t\t<\/div>\n\t\t\t\t<\/div>\n\t\t\t\t<div class=\"elementor-element elementor-element-b95c8e5 elementor-widget__width-inherit elementor-widget-mobile__width-inherit elementor-invisible elementor-widget elementor-widget-text-editor\" data-id=\"b95c8e5\" data-element_type=\"widget\" data-settings=\"{&quot;_animation&quot;:&quot;fadeInUp&quot;,&quot;_animation_delay&quot;:&quot;250&quot;}\" data-widget_type=\"text-editor.default\">\n\t\t\t\t<div class=\"elementor-widget-container\">\n\t\t\t\t\t\t\t<p>Im Gegensatz zu herk\u00f6mmlichen Trainingsmethoden, die h\u00e4ufig durch Zeitmangel, begrenzte Ausr\u00fcstung oder fehlende Patientenverf\u00fcgbarkeit eingeschr\u00e4nkt sind, k\u00f6nnen medizinische Fachkr\u00e4fte mit VR ICU\u00ae von der Handhabung der Grundausr\u00fcstung bis hin zur realit\u00e4tsnahen Simulation komplexer Notf\u00e4lle trainieren. Digitale Zwillinge medizinischer Ger\u00e4te in VR bieten maximale Sicherheit und Wiederholbarkeit des Trainings, wann immer es ben\u00f6tigt wird.   <\/p>\n\t\t\t\t\t\t<\/div>\n\t\t\t\t<\/div>\n\t\t\t\t<\/div>\n\t\t\t\t\t<\/div>\n\t\t\t\t<\/div>\n\t\t<div class=\"elementor-element elementor-element-d70782e e-flex e-con-boxed e-con e-parent\" data-id=\"d70782e\" data-element_type=\"container\">\n\t\t\t\t\t<div class=\"e-con-inner\">\n\t\t<div class=\"elementor-element elementor-element-2053392 e-con-full e-flex e-con e-child\" data-id=\"2053392\" data-element_type=\"container\">\n\t\t\t\t<div class=\"elementor-element elementor-element-b951d67 ui-e-title-anim-underline ui-e-post-ovf-yes ui-e-apg-classic ui-e-img-anim-zoom elementor-invisible elementor-widget elementor-widget-uicore-advanced-post-grid\" data-id=\"b951d67\" data-element_type=\"widget\" data-settings=\"{&quot;_animation&quot;:&quot;fadeInUp&quot;,&quot;_animation_delay&quot;:&quot;400&quot;,&quot;pagination_type&quot;:&quot;numbers&quot;}\" data-widget_type=\"uicore-advanced-post-grid.default\">\n\t\t\t\t<div class=\"elementor-widget-container\">\n\t\t\t            <div class=\"ui-e-adv-grid\">\r\n                \r\n            <div class=\"ui-e-post-item ui-e-item ui-e-item-wrp ui-e-animations-wrp  \">\r\n                <article class=\"post-2043 post type-post status-publish format-standard has-post-thumbnail hentry category-aktuelles\">\r\n                    <div class=\"ui-e-post-top\">\r\n                                    <a class=\"ui-e-post-img-wrapp\" href=\"https:\/\/vr-icu.com\/de\/aktuelles\/revolution-in-der-medizinischen-ausbildung-vr-icu-glaenzte-in-berlin\/\" title=\"View Post:Revolution in der medizinischen Ausbildung: VR ICU\u00ae gl\u00e4nzte in Berlin\">\r\n                                    <div class=\"ui-e-post-img\" style=\"background-image:url(https:\/\/vr-icu.com\/wp-content\/uploads\/2024\/11\/IMG_1055-768x1024.webp)\"><\/div>\r\n                            <\/a>\r\n                                <div class=\"ui-e-post-top-meta\"><div class=\"ui-e-post-meta ui-e-top\"><div class=\"ui-e-meta-item\"><svg aria-hidden=\"true\" class=\"ui-e-meta-icon e-font-icon-svg e-fas-square-full\" viewBox=\"0 0 512 512\" xmlns=\"http:\/\/www.w3.org\/2000\/svg\"><path d=\"M512 512H0V0h512v512z\"><\/path><\/svg><\/div><\/div><\/div>                    <\/div>\r\n                    <div class=\"ui-e-post-content\">\r\n                        <div class=\"ui-e-post-meta ui-e-before_title\"><div class=\"ui-e-meta-item\"><a href=\"https:\/\/vr-icu.com\/de\/category\/aktuelles\/\" title=\"View Aktuelles posts\">Aktuelles<\/a><\/div><span class=\"ui-e-separator\">\u2022<\/span><div class=\"ui-e-meta-item\">November 25, 2024<\/div><\/div>                                <a href=\"https:\/\/vr-icu.com\/de\/aktuelles\/revolution-in-der-medizinischen-ausbildung-vr-icu-glaenzte-in-berlin\/\" title=\"View Post:Revolution in der medizinischen Ausbildung: VR ICU\u00ae gl\u00e4nzte in Berlin\">\r\n            <h4 class=\"ui-e-post-title\"><span>Revolution in der medizinischen Ausbildung: VR ICU\u00ae gl\u00e4nzte in Berlin<\/span><\/h4>\r\n        <\/a>\r\n                                                                                                                            <\/div>\r\n                <\/article>\r\n            <\/div>\r\n\r\n                    <\/div>\r\n        \t\t<\/div>\n\t\t\t\t<\/div>\n\t\t\t\t<\/div>\n\t\t\t\t\t<\/div>\n\t\t\t\t<\/div>\n\t\t\t\t<\/div>\n\t\t","protected":false},"excerpt":{"rendered":"<p>Aktuelles Im Gegensatz zu herk\u00f6mmlichen Trainingsmethoden, die h\u00e4ufig durch Zeitmangel, begrenzte Ausr\u00fcstung oder fehlende Patientenverf\u00fcgbarkeit eingeschr\u00e4nkt sind, k\u00f6nnen medizinische Fachkr\u00e4fte mit VR ICU\u00ae von der Handhabung der Grundausr\u00fcstung bis hin zur realit\u00e4tsnahen Simulation komplexer Notf\u00e4lle trainieren. Digitale Zwillinge medizinischer Ger\u00e4te in VR bieten maximale Sicherheit und Wiederholbarkeit des Trainings, wann immer es ben\u00f6tigt wird. Aktuality\u202225 [&hellip;]<\/p>\n","protected":false},"author":3,"featured_media":0,"parent":0,"menu_order":0,"comment_status":"closed","ping_status":"closed","template":"","meta":{"footnotes":""},"class_list":["post-2088","page","type-page","status-publish","hentry"],"_links":{"self":[{"href":"https:\/\/vr-icu.com\/de\/wp-json\/wp\/v2\/pages\/2088","targetHints":{"allow":["GET"]}}],"collection":[{"href":"https:\/\/vr-icu.com\/de\/wp-json\/wp\/v2\/pages"}],"about":[{"href":"https:\/\/vr-icu.com\/de\/wp-json\/wp\/v2\/types\/page"}],"author":[{"embeddable":true,"href":"https:\/\/vr-icu.com\/de\/wp-json\/wp\/v2\/users\/3"}],"replies":[{"embeddable":true,"href":"https:\/\/vr-icu.com\/de\/wp-json\/wp\/v2\/comments?post=2088"}],"version-history":[{"count":1,"href":"https:\/\/vr-icu.com\/de\/wp-json\/wp\/v2\/pages\/2088\/revisions"}],"predecessor-version":[{"id":2089,"href":"https:\/\/vr-icu.com\/de\/wp-json\/wp\/v2\/pages\/2088\/revisions\/2089"}],"wp:attachment":[{"href":"https:\/\/vr-icu.com\/de\/wp-json\/wp\/v2\/media?parent=2088"}],"curies":[{"name":"wp","href":"https:\/\/api.w.org\/{rel}","templated":true}]}}